{"id":17,"date":"2023-03-29T02:08:21","date_gmt":"2023-03-29T02:08:21","guid":{"rendered":"https:\/\/rbsurfec.com\/?page_id=17"},"modified":"2023-05-01T20:45:27","modified_gmt":"2023-05-01T20:45:27","slug":"surf-tour","status":"publish","type":"page","link":"https:\/\/rbsurfec.com\/index.php\/surf-tour\/","title":{"rendered":"SURF-TOUR"},"content":{"rendered":"\n<p>Disfruta de un Tour por las hermosas playas del Ecuador. Cont\u00e1ctanos para obtener m\u00e1s informaci\u00f3n.<\/p>\n\n\n\n<div class=\"wp-block-jetpack-tiled-gallery aligncenter is-style-rectangular\"><div class=\"tiled-gallery__gallery\"><div class=\"tiled-gallery__row\"><div class=\"tiled-gallery__col\" style=\"flex-basis:100.00000%\"><figure class=\"tiled-gallery__item\"><img decoding=\"async\" srcset=\"https:\/\/i2.wp.com\/rbsurfec.com\/wp-content\/uploads\/2023\/04\/WhatsApp-Image-2023-04-01-at-07.57.53-1-1024x413.jpeg?strip=info&#038;w=600&#038;ssl=1 600w,https:\/\/i2.wp.com\/rbsurfec.com\/wp-content\/uploads\/2023\/04\/WhatsApp-Image-2023-04-01-at-07.57.53-1-1024x413.jpeg?strip=info&#038;w=900&#038;ssl=1 900w,https:\/\/i2.wp.com\/rbsurfec.com\/wp-content\/uploads\/2023\/04\/WhatsApp-Image-2023-04-01-at-07.57.53-1-1024x413.jpeg?strip=info&#038;w=1200&#038;ssl=1 1200w,https:\/\/i2.wp.com\/rbsurfec.com\/wp-content\/uploads\/2023\/04\/WhatsApp-Image-2023-04-01-at-07.57.53-1-1024x413.jpeg?strip=info&#038;w=1500&#038;ssl=1 1500w,https:\/\/i2.wp.com\/rbsurfec.com\/wp-content\/uploads\/2023\/04\/WhatsApp-Image-2023-04-01-at-07.57.53-1-1024x413.jpeg?strip=info&#038;w=1600&#038;ssl=1 1600w\" alt=\"\" data-height=\"646\" data-id=\"1572\" data-link=\"https:\/\/rbsurfec.com\/index.php\/surf-tour\/whatsapp-image-2023-04-01-at-07-57-53-1\/\" data-url=\"https:\/\/rbsurfec.com\/wp-content\/uploads\/2023\/04\/WhatsApp-Image-2023-04-01-at-07.57.53-1-1024x413.jpeg\" data-width=\"1600\" src=\"https:\/\/i2.wp.com\/rbsurfec.com\/wp-content\/uploads\/2023\/04\/WhatsApp-Image-2023-04-01-at-07.57.53-1-1024x413.jpeg?ssl=1\" data-amp-layout=\"responsive\"\/><\/figure><\/div><\/div><div class=\"tiled-gallery__row\"><div class=\"tiled-gallery__col\" style=\"flex-basis:50.00000%\"><figure class=\"tiled-gallery__item\"><img decoding=\"async\" srcset=\"https:\/\/i1.wp.com\/rbsurfec.com\/wp-content\/uploads\/2023\/04\/WhatsApp-Image-2023-04-01-at-07.57.05-1-1024x682.jpeg?strip=info&#038;w=600&#038;ssl=1 600w,https:\/\/i1.wp.com\/rbsurfec.com\/wp-content\/uploads\/2023\/04\/WhatsApp-Image-2023-04-01-at-07.57.05-1-1024x682.jpeg?strip=info&#038;w=900&#038;ssl=1 900w,https:\/\/i1.wp.com\/rbsurfec.com\/wp-content\/uploads\/2023\/04\/WhatsApp-Image-2023-04-01-at-07.57.05-1-1024x682.jpeg?strip=info&#038;w=1200&#038;ssl=1 1200w,https:\/\/i1.wp.com\/rbsurfec.com\/wp-content\/uploads\/2023\/04\/WhatsApp-Image-2023-04-01-at-07.57.05-1-1024x682.jpeg?strip=info&#038;w=1500&#038;ssl=1 1500w,https:\/\/i1.wp.com\/rbsurfec.com\/wp-content\/uploads\/2023\/04\/WhatsApp-Image-2023-04-01-at-07.57.05-1-1024x682.jpeg?strip=info&#038;w=1600&#038;ssl=1 1600w\" alt=\"\" data-height=\"1066\" data-id=\"1573\" data-link=\"https:\/\/rbsurfec.com\/index.php\/surf-tour\/whatsapp-image-2023-04-01-at-07-57-05-1\/\" data-url=\"https:\/\/rbsurfec.com\/wp-content\/uploads\/2023\/04\/WhatsApp-Image-2023-04-01-at-07.57.05-1-1024x682.jpeg\" data-width=\"1600\" src=\"https:\/\/i1.wp.com\/rbsurfec.com\/wp-content\/uploads\/2023\/04\/WhatsApp-Image-2023-04-01-at-07.57.05-1-1024x682.jpeg?ssl=1\" data-amp-layout=\"responsive\"\/><\/figure><\/div><div class=\"tiled-gallery__col\" style=\"flex-basis:50.00000%\"><figure class=\"tiled-gallery__item\"><img decoding=\"async\" srcset=\"https:\/\/i1.wp.com\/rbsurfec.com\/wp-content\/uploads\/2023\/04\/WhatsApp-Image-2023-04-01-at-07.56.46-1-1024x682.jpeg?strip=info&#038;w=600&#038;ssl=1 600w,https:\/\/i1.wp.com\/rbsurfec.com\/wp-content\/uploads\/2023\/04\/WhatsApp-Image-2023-04-01-at-07.56.46-1-1024x682.jpeg?strip=info&#038;w=900&#038;ssl=1 900w,https:\/\/i1.wp.com\/rbsurfec.com\/wp-content\/uploads\/2023\/04\/WhatsApp-Image-2023-04-01-at-07.56.46-1-1024x682.jpeg?strip=info&#038;w=1200&#038;ssl=1 1200w,https:\/\/i1.wp.com\/rbsurfec.com\/wp-content\/uploads\/2023\/04\/WhatsApp-Image-2023-04-01-at-07.56.46-1-1024x682.jpeg?strip=info&#038;w=1500&#038;ssl=1 1500w,https:\/\/i1.wp.com\/rbsurfec.com\/wp-content\/uploads\/2023\/04\/WhatsApp-Image-2023-04-01-at-07.56.46-1-1024x682.jpeg?strip=info&#038;w=1600&#038;ssl=1 1600w\" alt=\"\" data-height=\"1066\" data-id=\"1575\" data-link=\"https:\/\/rbsurfec.com\/index.php\/surf-tour\/whatsapp-image-2023-04-01-at-07-56-46-1\/\" data-url=\"https:\/\/rbsurfec.com\/wp-content\/uploads\/2023\/04\/WhatsApp-Image-2023-04-01-at-07.56.46-1-1024x682.jpeg\" data-width=\"1600\" src=\"https:\/\/i1.wp.com\/rbsurfec.com\/wp-content\/uploads\/2023\/04\/WhatsApp-Image-2023-04-01-at-07.56.46-1-1024x682.jpeg?ssl=1\" data-amp-layout=\"responsive\"\/><\/figure><\/div><\/div><\/div><\/div>\n","protected":false},"excerpt":{"rendered":"<p>Disfruta de un Tour por las hermosas playas del Ecuador. Cont\u00e1ctanos para obtener m\u00e1s informaci\u00f3n.<\/p>\n","protected":false},"author":1,"featured_media":0,"parent":0,"menu_order":0,"comment_status":"closed","ping_status":"closed","template":"","meta":{"_uag_custom_page_level_css":"","site-sidebar-layout":"default","site-content-layout":"","ast-site-content-layout":"default","site-content-style":"default","site-sidebar-style":"default","ast-global-header-display":"","ast-banner-title-visibility":"","ast-main-header-display":"","ast-hfb-above-header-display":"","ast-hfb-below-header-display":"","ast-hfb-mobile-header-display":"","site-post-title":"","ast-breadcrumbs-content":"","ast-featured-img":"","footer-sml-layout":"","theme-transparent-header-meta":"","adv-header-id-meta":"","stick-header-meta":"","header-above-stick-meta":"","header-main-stick-meta":"","header-below-stick-meta":"","astra-migrate-meta-layouts":"default","ast-page-background-enabled":"default","ast-page-background-meta":{"desktop":{"background-color":"var(--ast-global-color-4)","background-image":"","background-repeat":"repeat","background-position":"center center","background-size":"auto","background-attachment":"scroll","background-type":"","background-media":"","overlay-type":"","overlay-color":"","overlay-opacity":"","overlay-gradient":""},"tablet":{"background-color":"","background-image":"","background-repeat":"repeat","background-position":"center center","background-size":"auto","background-attachment":"scroll","background-type":"","background-media":"","overlay-type":"","overlay-color":"","overlay-opacity":"","overlay-gradient":""},"mobile":{"background-color":"","background-image":"","background-repeat":"repeat","background-position":"center center","background-size":"auto","background-attachment":"scroll","background-type":"","background-media":"","overlay-type":"","overlay-color":"","overlay-opacity":"","overlay-gradient":""}},"ast-content-background-meta":{"desktop":{"background-color":"var(--ast-global-color-5)","background-image":"","background-repeat":"repeat","background-position":"center center","background-size":"auto","background-attachment":"scroll","background-type":"","background-media":"","overlay-type":"","overlay-color":"","overlay-opacity":"","overlay-gradient":""},"tablet":{"background-color":"var(--ast-global-color-5)","background-image":"","background-repeat":"repeat","background-position":"center center","background-size":"auto","background-attachment":"scroll","background-type":"","background-media":"","overlay-type":"","overlay-color":"","overlay-opacity":"","overlay-gradient":""},"mobile":{"background-color":"var(--ast-global-color-5)","background-image":"","background-repeat":"repeat","background-position":"center center","background-size":"auto","background-attachment":"scroll","background-type":"","background-media":"","overlay-type":"","overlay-color":"","overlay-opacity":"","overlay-gradient":""}},"advanced_seo_description":"","jetpack_seo_html_title":"","jetpack_seo_noindex":false,"footnotes":""},"class_list":["post-17","page","type-page","status-publish","hentry"],"uagb_featured_image_src":{"full":false,"thumbnail":false,"medium":false,"medium_large":false,"large":false,"1536x1536":false,"2048x2048":false,"mailpoet_newsletter_max":false,"woocommerce_thumbnail":false,"woocommerce_single":false,"woocommerce_gallery_thumbnail":false},"uagb_author_info":{"display_name":"reneburgos","author_link":"https:\/\/rbsurfec.com\/index.php\/author\/reneburgos\/"},"uagb_comment_info":0,"uagb_excerpt":"Disfruta de un Tour por las hermosas playas del Ecuador. Cont\u00e1ctanos para obtener m\u00e1s informaci\u00f3n.","jetpack_likes_enabled":true,"jetpack_sharing_enabled":true,"jetpack-related-posts":[{"id":13,"url":"https:\/\/rbsurfec.com\/index.php\/escuela\/","url_meta":{"origin":17,"position":0},"title":"ESCUELA","author":"reneburgos","date":"29 de marzo de 2023","format":false,"excerpt":"Ofrecemos clases de: Surf, P\u00e1del Surf, Recreaci\u00f3n y Alto Rendimiento. Cont\u00e1ctanos y disfruta de una nueva experiencia.","rel":"","context":"Entrada similar","block_context":{"text":"Entrada similar","link":""},"img":{"alt_text":"","src":"https:\/\/i0.wp.com\/rbsurfec.com\/wp-content\/uploads\/2023\/04\/WhatsApp-Image-2023-04-01-at-07.56.42.jpeg?resize=350%2C200&ssl=1","width":350,"height":200,"srcset":"https:\/\/i0.wp.com\/rbsurfec.com\/wp-content\/uploads\/2023\/04\/WhatsApp-Image-2023-04-01-at-07.56.42.jpeg?resize=350%2C200&ssl=1 1x, https:\/\/i0.wp.com\/rbsurfec.com\/wp-content\/uploads\/2023\/04\/WhatsApp-Image-2023-04-01-at-07.56.42.jpeg?resize=525%2C300&ssl=1 1.5x, https:\/\/i0.wp.com\/rbsurfec.com\/wp-content\/uploads\/2023\/04\/WhatsApp-Image-2023-04-01-at-07.56.42.jpeg?resize=700%2C400&ssl=1 2x, https:\/\/i0.wp.com\/rbsurfec.com\/wp-content\/uploads\/2023\/04\/WhatsApp-Image-2023-04-01-at-07.56.42.jpeg?resize=1050%2C600&ssl=1 3x, https:\/\/i0.wp.com\/rbsurfec.com\/wp-content\/uploads\/2023\/04\/WhatsApp-Image-2023-04-01-at-07.56.42.jpeg?resize=1400%2C800&ssl=1 4x"},"classes":[]},{"id":1645,"url":"https:\/\/rbsurfec.com\/index.php\/clases-surf-alto-rendimiento\/","url_meta":{"origin":17,"position":1},"title":"Clases Surf Alto Rendimiento","author":"reneburgos","date":"1 de mayo de 2023","format":false,"excerpt":"Ofrecemos clases de surf de alto rendimiento","rel":"","context":"Entrada similar","block_context":{"text":"Entrada similar","link":""},"img":{"alt_text":"surf, beach, the pits-5069328.jpg","src":"https:\/\/i0.wp.com\/rbsurfec.com\/wp-content\/uploads\/2023\/04\/surf-beach-the-pits-5069328-150x150.jpg?resize=350%2C200&ssl=1","width":350,"height":200,"srcset":"https:\/\/i0.wp.com\/rbsurfec.com\/wp-content\/uploads\/2023\/04\/surf-beach-the-pits-5069328-150x150.jpg?resize=350%2C200&ssl=1 1x, https:\/\/i0.wp.com\/rbsurfec.com\/wp-content\/uploads\/2023\/04\/surf-beach-the-pits-5069328-150x150.jpg?resize=525%2C300&ssl=1 1.5x, https:\/\/i0.wp.com\/rbsurfec.com\/wp-content\/uploads\/2023\/04\/surf-beach-the-pits-5069328-150x150.jpg?resize=700%2C400&ssl=1 2x"},"classes":[]},{"id":1177,"url":"https:\/\/rbsurfec.com\/","url_meta":{"origin":17,"position":2},"title":"Inicio","author":"reneburgos","date":"17 de agosto de 2021","format":false,"excerpt":"Search Search QUE TE OFRECEMOS... TODO LO QUE PODEMOS OFRECERTE... Nuestros Clientes Dicen... Tienen productos de diferentes marcas, lo que facilita la compra de sus clientes. Jennifer MAC\u00cdAS Es uno de mis lugares favoritos para comprar las cosas que necesito al practicar surf. Carlos Herrera La atenci\u00f3n al cliente es\u2026","rel":"","context":"Entrada similar","block_context":{"text":"Entrada similar","link":""},"img":{"alt_text":"","src":"https:\/\/i0.wp.com\/rbsurfec.com\/wp-content\/uploads\/2025\/08\/284-sin-titulo2_20250811145624-811x1024.png?resize=350%2C200&ssl=1","width":350,"height":200,"srcset":"https:\/\/i0.wp.com\/rbsurfec.com\/wp-content\/uploads\/2025\/08\/284-sin-titulo2_20250811145624-811x1024.png?resize=350%2C200&ssl=1 1x, https:\/\/i0.wp.com\/rbsurfec.com\/wp-content\/uploads\/2025\/08\/284-sin-titulo2_20250811145624-811x1024.png?resize=525%2C300&ssl=1 1.5x, https:\/\/i0.wp.com\/rbsurfec.com\/wp-content\/uploads\/2025\/08\/284-sin-titulo2_20250811145624-811x1024.png?resize=700%2C400&ssl=1 2x"},"classes":[]},{"id":1810,"url":"https:\/\/rbsurfec.com\/index.php\/contactanos\/","url_meta":{"origin":17,"position":3},"title":"Contactanos","author":"reneburgos","date":"5 de septiembre de 2025","format":false,"excerpt":"Cont\u00e1ctanos","rel":"","context":"Entrada similar","block_context":{"text":"Entrada similar","link":""},"img":{"alt_text":"","src":"https:\/\/i0.wp.com\/rbsurfec.com\/wp-content\/uploads\/2025\/09\/DESENA_TU_PROPIA_TABLA_ARTESANAL_20250902_143601_0000-1024x576.webp?resize=350%2C200&ssl=1","width":350,"height":200,"srcset":"https:\/\/i0.wp.com\/rbsurfec.com\/wp-content\/uploads\/2025\/09\/DESENA_TU_PROPIA_TABLA_ARTESANAL_20250902_143601_0000-1024x576.webp?resize=350%2C200&ssl=1 1x, https:\/\/i0.wp.com\/rbsurfec.com\/wp-content\/uploads\/2025\/09\/DESENA_TU_PROPIA_TABLA_ARTESANAL_20250902_143601_0000-1024x576.webp?resize=525%2C300&ssl=1 1.5x, https:\/\/i0.wp.com\/rbsurfec.com\/wp-content\/uploads\/2025\/09\/DESENA_TU_PROPIA_TABLA_ARTESANAL_20250902_143601_0000-1024x576.webp?resize=700%2C400&ssl=1 2x"},"classes":[]},{"id":252,"url":"https:\/\/rbsurfec.com\/index.php\/nosotros\/","url_meta":{"origin":17,"position":4},"title":"Nosotros","author":"reneburgos","date":"18 de agosto de 2021","format":false,"excerpt":"Sobre Nosotros RBSurf EC Hola!, somos una compa\u00f1\u00eda dedicada a los deportes n\u00e1uticos especialmente; surf, p\u00e1del surf, body Boards y surf Foild. Contamos con accesorios para todas las actividades y representamos varias marcas de renombre internacional:\u00a0FCS, VISSLA , Fu Wax y PENA.\u00a0Adem\u00e1s, preparamos a deportista para la pr\u00e1ctica de: surf,\u2026","rel":"","context":"Entrada similar","block_context":{"text":"Entrada similar","link":""},"img":{"alt_text":"","src":"https:\/\/i0.wp.com\/rbsurfec.com\/wp-content\/uploads\/2023\/03\/tablas_surf.png?resize=350%2C200&ssl=1","width":350,"height":200,"srcset":"https:\/\/i0.wp.com\/rbsurfec.com\/wp-content\/uploads\/2023\/03\/tablas_surf.png?resize=350%2C200&ssl=1 1x, https:\/\/i0.wp.com\/rbsurfec.com\/wp-content\/uploads\/2023\/03\/tablas_surf.png?resize=525%2C300&ssl=1 1.5x"},"classes":[]},{"id":1675,"url":"https:\/\/rbsurfec.com\/index.php\/pagina-de-prueba\/","url_meta":{"origin":17,"position":5},"title":"P\u00c1GINA DE PRUEBA","author":"reneburgos","date":"24 de mayo de 2023","format":false,"excerpt":"esta es una p\u00e1gina de prueba","rel":"","context":"Entrada similar","block_context":{"text":"Entrada similar","link":""},"img":{"alt_text":"waves, water, surf-3502577.jpg","src":"https:\/\/i0.wp.com\/rbsurfec.com\/wp-content\/uploads\/2023\/04\/waves-water-surf-3502577.jpg?resize=350%2C200&ssl=1","width":350,"height":200,"srcset":"https:\/\/i0.wp.com\/rbsurfec.com\/wp-content\/uploads\/2023\/04\/waves-water-surf-3502577.jpg?resize=350%2C200&ssl=1 1x, https:\/\/i0.wp.com\/rbsurfec.com\/wp-content\/uploads\/2023\/04\/waves-water-surf-3502577.jpg?resize=525%2C300&ssl=1 1.5x, https:\/\/i0.wp.com\/rbsurfec.com\/wp-content\/uploads\/2023\/04\/waves-water-surf-3502577.jpg?resize=700%2C400&ssl=1 2x, https:\/\/i0.wp.com\/rbsurfec.com\/wp-content\/uploads\/2023\/04\/waves-water-surf-3502577.jpg?resize=1050%2C600&ssl=1 3x"},"classes":[]}],"jetpack_shortlink":"https:\/\/wp.me\/PeHJ9l-h","_links":{"self":[{"href":"https:\/\/rbsurfec.com\/index.php\/wp-json\/wp\/v2\/pages\/17","targetHints":{"allow":["GET"]}}],"collection":[{"href":"https:\/\/rbsurfec.com\/index.php\/wp-json\/wp\/v2\/pages"}],"about":[{"href":"https:\/\/rbsurfec.com\/index.php\/wp-json\/wp\/v2\/types\/page"}],"author":[{"embeddable":true,"href":"https:\/\/rbsurfec.com\/index.php\/wp-json\/wp\/v2\/users\/1"}],"replies":[{"embeddable":true,"href":"https:\/\/rbsurfec.com\/index.php\/wp-json\/wp\/v2\/comments?post=17"}],"version-history":[{"count":4,"href":"https:\/\/rbsurfec.com\/index.php\/wp-json\/wp\/v2\/pages\/17\/revisions"}],"predecessor-version":[{"id":1644,"href":"https:\/\/rbsurfec.com\/index.php\/wp-json\/wp\/v2\/pages\/17\/revisions\/1644"}],"wp:attachment":[{"href":"https:\/\/rbsurfec.com\/index.php\/wp-json\/wp\/v2\/media?parent=17"}],"curies":[{"name":"wp","href":"https:\/\/api.w.org\/{rel}","templated":true}]}}