{"id":1810,"date":"2025-09-05T02:25:19","date_gmt":"2025-09-05T02:25:19","guid":{"rendered":"https:\/\/rbsurfec.com\/?page_id=1810"},"modified":"2025-09-05T02:41:18","modified_gmt":"2025-09-05T02:41:18","slug":"contactanos","status":"publish","type":"page","link":"https:\/\/rbsurfec.com\/index.php\/contactanos\/","title":{"rendered":"Contactanos"},"content":{"rendered":"\t\t<div data-elementor-type=\"wp-page\" data-elementor-id=\"1810\" class=\"elementor elementor-1810\" data-elementor-post-type=\"page\">\n\t\t\t\t<div class=\"elementor-element elementor-element-cc95b7f e-flex e-con-boxed e-con e-parent\" data-id=\"cc95b7f\" data-element_type=\"container\">\n\t\t\t\t\t<div class=\"e-con-inner\">\n\t\t\t\t<div class=\"elementor-element elementor-element-3caa04c elementor-widget elementor-widget-image\" data-id=\"3caa04c\" data-element_type=\"widget\" data-widget_type=\"image.default\">\n\t\t\t\t<div class=\"elementor-widget-container\">\n\t\t\t\t\t\t\t\t\t\t\t\t\t\t\t<img fetchpriority=\"high\" decoding=\"async\" width=\"1024\" height=\"576\" src=\"https:\/\/rbsurfec.com\/wp-content\/uploads\/2025\/09\/DESENA_TU_PROPIA_TABLA_ARTESANAL_20250902_143601_0000-1024x576.webp\" class=\"attachment-large size-large wp-image-1812\" alt=\"\" srcset=\"https:\/\/rbsurfec.com\/wp-content\/uploads\/2025\/09\/DESENA_TU_PROPIA_TABLA_ARTESANAL_20250902_143601_0000-1024x576.webp 1024w, https:\/\/rbsurfec.com\/wp-content\/uploads\/2025\/09\/DESENA_TU_PROPIA_TABLA_ARTESANAL_20250902_143601_0000-300x169.webp 300w, https:\/\/rbsurfec.com\/wp-content\/uploads\/2025\/09\/DESENA_TU_PROPIA_TABLA_ARTESANAL_20250902_143601_0000-768x432.webp 768w, https:\/\/rbsurfec.com\/wp-content\/uploads\/2025\/09\/DESENA_TU_PROPIA_TABLA_ARTESANAL_20250902_143601_0000-1320x742.webp 1320w, https:\/\/rbsurfec.com\/wp-content\/uploads\/2025\/09\/DESENA_TU_PROPIA_TABLA_ARTESANAL_20250902_143601_0000-600x337.webp 600w, https:\/\/rbsurfec.com\/wp-content\/uploads\/2025\/09\/DESENA_TU_PROPIA_TABLA_ARTESANAL_20250902_143601_0000.webp 1378w\" sizes=\"(max-width: 1024px) 100vw, 1024px\" \/>\t\t\t\t\t\t\t\t\t\t\t\t\t\t\t<\/div>\n\t\t\t\t<\/div>\n\t\t<div class=\"elementor-element elementor-element-b964085 e-con-full e-flex e-con e-child\" data-id=\"b964085\" data-element_type=\"container\">\n\t\t\t\t<div class=\"elementor-element elementor-element-e35d9e2 elementor-align-center elementor-widget elementor-widget-button\" data-id=\"e35d9e2\" data-element_type=\"widget\" data-widget_type=\"button.default\">\n\t\t\t\t<div class=\"elementor-widget-container\">\n\t\t\t\t\t\t\t\t\t<div class=\"elementor-button-wrapper\">\n\t\t\t\t\t<a class=\"elementor-button elementor-button-link elementor-size-sm\" href=\"https:\/\/www.instagram.com\/reneburgossurfboards?igsh=MjByYXJkeGx2cTFj\">\n\t\t\t\t\t\t<span class=\"elementor-button-content-wrapper\">\n\t\t\t\t\t\t\t\t\t<span class=\"elementor-button-text\">Cont\u00e1ctanos<\/span>\n\t\t\t\t\t<\/span>\n\t\t\t\t\t<\/a>\n\t\t\t\t<\/div>\n\t\t\t\t\t\t\t\t<\/div>\n\t\t\t\t<\/div>\n\t\t\t\t<\/div>\n\t\t\t\t\t<\/div>\n\t\t\t\t<\/div>\n\t\t<div class=\"elementor-element elementor-element-3779de0 e-flex e-con-boxed e-con e-parent\" data-id=\"3779de0\" data-element_type=\"container\">\n\t\t\t\t\t<div class=\"e-con-inner\">\n\t\t\t\t\t<\/div>\n\t\t\t\t<\/div>\n\t\t\t\t<\/div>\n\t\t","protected":false},"excerpt":{"rendered":"<p>Cont\u00e1ctanos<\/p>\n","protected":false},"author":1,"featured_media":0,"parent":0,"menu_order":0,"comment_status":"closed","ping_status":"closed","template":"elementor_canvas","meta":{"_uag_custom_page_level_css":"","site-sidebar-layout":"no-sidebar","site-content-layout":"page-builder","ast-site-content-layout":"full-width-container","site-content-style":"default","site-sidebar-style":"default","ast-global-header-display":"","ast-banner-title-visibility":"","ast-main-header-display":"","ast-hfb-above-header-display":"","ast-hfb-below-header-display":"","ast-hfb-mobile-header-display":"","site-post-title":"disabled","ast-breadcrumbs-content":"","ast-featured-img":"disabled","footer-sml-layout":"","theme-transparent-header-meta":"","adv-header-id-meta":"","stick-header-meta":"","header-above-stick-meta":"","header-main-stick-meta":"","header-below-stick-meta":"","astra-migrate-meta-layouts":"set","ast-page-background-enabled":"default","ast-page-background-meta":{"desktop":{"background-color":"var(--ast-global-color-4)","background-image":"","background-repeat":"repeat","background-position":"center center","background-size":"auto","background-attachment":"scroll","background-type":"","background-media":"","overlay-type":"","overlay-color":"","overlay-opacity":"","overlay-gradient":""},"tablet":{"background-color":"","background-image":"","background-repeat":"repeat","background-position":"center center","background-size":"auto","background-attachment":"scroll","background-type":"","background-media":"","overlay-type":"","overlay-color":"","overlay-opacity":"","overlay-gradient":""},"mobile":{"background-color":"","background-image":"","background-repeat":"repeat","background-position":"center center","background-size":"auto","background-attachment":"scroll","background-type":"","background-media":"","overlay-type":"","overlay-color":"","overlay-opacity":"","overlay-gradient":""}},"ast-content-background-meta":{"desktop":{"background-color":"var(--ast-global-color-5)","background-image":"","background-repeat":"repeat","background-position":"center center","background-size":"auto","background-attachment":"scroll","background-type":"","background-media":"","overlay-type":"","overlay-color":"","overlay-opacity":"","overlay-gradient":""},"tablet":{"background-color":"var(--ast-global-color-5)","background-image":"","background-repeat":"repeat","background-position":"center center","background-size":"auto","background-attachment":"scroll","background-type":"","background-media":"","overlay-type":"","overlay-color":"","overlay-opacity":"","overlay-gradient":""},"mobile":{"background-color":"var(--ast-global-color-5)","background-image":"","background-repeat":"repeat","background-position":"center center","background-size":"auto","background-attachment":"scroll","background-type":"","background-media":"","overlay-type":"","overlay-color":"","overlay-opacity":"","overlay-gradient":""}},"advanced_seo_description":"","jetpack_seo_html_title":"","jetpack_seo_noindex":false,"footnotes":""},"class_list":["post-1810","page","type-page","status-publish","hentry"],"uagb_featured_image_src":{"full":false,"thumbnail":false,"medium":false,"medium_large":false,"large":false,"1536x1536":false,"2048x2048":false,"mailpoet_newsletter_max":false,"woocommerce_thumbnail":false,"woocommerce_single":false,"woocommerce_gallery_thumbnail":false},"uagb_author_info":{"display_name":"reneburgos","author_link":"https:\/\/rbsurfec.com\/index.php\/author\/reneburgos\/"},"uagb_comment_info":0,"uagb_excerpt":"Cont\u00e1ctanos","jetpack_likes_enabled":true,"jetpack_sharing_enabled":true,"jetpack-related-posts":[{"id":13,"url":"https:\/\/rbsurfec.com\/index.php\/escuela\/","url_meta":{"origin":1810,"position":0},"title":"ESCUELA","author":"reneburgos","date":"29 de marzo de 2023","format":false,"excerpt":"Ofrecemos clases de: Surf, P\u00e1del Surf, Recreaci\u00f3n y Alto Rendimiento. Cont\u00e1ctanos y disfruta de una nueva experiencia.","rel":"","context":"Entrada similar","block_context":{"text":"Entrada similar","link":""},"img":{"alt_text":"","src":"https:\/\/i0.wp.com\/rbsurfec.com\/wp-content\/uploads\/2023\/04\/WhatsApp-Image-2023-04-01-at-07.56.42.jpeg?resize=350%2C200&ssl=1","width":350,"height":200,"srcset":"https:\/\/i0.wp.com\/rbsurfec.com\/wp-content\/uploads\/2023\/04\/WhatsApp-Image-2023-04-01-at-07.56.42.jpeg?resize=350%2C200&ssl=1 1x, https:\/\/i0.wp.com\/rbsurfec.com\/wp-content\/uploads\/2023\/04\/WhatsApp-Image-2023-04-01-at-07.56.42.jpeg?resize=525%2C300&ssl=1 1.5x, https:\/\/i0.wp.com\/rbsurfec.com\/wp-content\/uploads\/2023\/04\/WhatsApp-Image-2023-04-01-at-07.56.42.jpeg?resize=700%2C400&ssl=1 2x, https:\/\/i0.wp.com\/rbsurfec.com\/wp-content\/uploads\/2023\/04\/WhatsApp-Image-2023-04-01-at-07.56.42.jpeg?resize=1050%2C600&ssl=1 3x, https:\/\/i0.wp.com\/rbsurfec.com\/wp-content\/uploads\/2023\/04\/WhatsApp-Image-2023-04-01-at-07.56.42.jpeg?resize=1400%2C800&ssl=1 4x"},"classes":[]},{"id":17,"url":"https:\/\/rbsurfec.com\/index.php\/surf-tour\/","url_meta":{"origin":1810,"position":1},"title":"SURF-TOUR","author":"reneburgos","date":"29 de marzo de 2023","format":false,"excerpt":"Disfruta de un Tour por las hermosas playas del Ecuador. Cont\u00e1ctanos para obtener m\u00e1s informaci\u00f3n.","rel":"","context":"Entrada similar","block_context":{"text":"Entrada similar","link":""},"img":{"alt_text":"","src":"https:\/\/i0.wp.com\/rbsurfec.com\/wp-content\/uploads\/2023\/04\/WhatsApp-Image-2023-04-01-at-07.57.53-1.jpeg?resize=350%2C200&ssl=1","width":350,"height":200,"srcset":"https:\/\/i0.wp.com\/rbsurfec.com\/wp-content\/uploads\/2023\/04\/WhatsApp-Image-2023-04-01-at-07.57.53-1.jpeg?resize=350%2C200&ssl=1 1x, https:\/\/i0.wp.com\/rbsurfec.com\/wp-content\/uploads\/2023\/04\/WhatsApp-Image-2023-04-01-at-07.57.53-1.jpeg?resize=525%2C300&ssl=1 1.5x, https:\/\/i0.wp.com\/rbsurfec.com\/wp-content\/uploads\/2023\/04\/WhatsApp-Image-2023-04-01-at-07.57.53-1.jpeg?resize=700%2C400&ssl=1 2x, https:\/\/i0.wp.com\/rbsurfec.com\/wp-content\/uploads\/2023\/04\/WhatsApp-Image-2023-04-01-at-07.57.53-1.jpeg?resize=1050%2C600&ssl=1 3x, https:\/\/i0.wp.com\/rbsurfec.com\/wp-content\/uploads\/2023\/04\/WhatsApp-Image-2023-04-01-at-07.57.53-1.jpeg?resize=1400%2C800&ssl=1 4x"},"classes":[]},{"id":357,"url":"https:\/\/rbsurfec.com\/index.php\/contacto\/","url_meta":{"origin":1810,"position":2},"title":"Contacto","author":"reneburgos","date":"18 de agosto de 2021","format":false,"excerpt":"\u00a1Cont\u00e1ctanos! Comun\u00edcate con nosotros en caso de tener alguna novedad. Con gusto te atenderemos.RBSurf EC. Vis\u00edtanos Manta, Playa Murci\u00e9lago Celular +593 985006880 Email info@rbsurfec.com S\u00edguenos Instagram Facebook \u00bfC\u00f3mo Contactarnos?","rel":"","context":"Entrada similar","block_context":{"text":"Entrada similar","link":""},"img":{"alt_text":"","src":"","width":0,"height":0},"classes":[]}],"jetpack_shortlink":"https:\/\/wp.me\/PeHJ9l-tc","_links":{"self":[{"href":"https:\/\/rbsurfec.com\/index.php\/wp-json\/wp\/v2\/pages\/1810","targetHints":{"allow":["GET"]}}],"collection":[{"href":"https:\/\/rbsurfec.com\/index.php\/wp-json\/wp\/v2\/pages"}],"about":[{"href":"https:\/\/rbsurfec.com\/index.php\/wp-json\/wp\/v2\/types\/page"}],"author":[{"embeddable":true,"href":"https:\/\/rbsurfec.com\/index.php\/wp-json\/wp\/v2\/users\/1"}],"replies":[{"embeddable":true,"href":"https:\/\/rbsurfec.com\/index.php\/wp-json\/wp\/v2\/comments?post=1810"}],"version-history":[{"count":9,"href":"https:\/\/rbsurfec.com\/index.php\/wp-json\/wp\/v2\/pages\/1810\/revisions"}],"predecessor-version":[{"id":1820,"href":"https:\/\/rbsurfec.com\/index.php\/wp-json\/wp\/v2\/pages\/1810\/revisions\/1820"}],"wp:attachment":[{"href":"https:\/\/rbsurfec.com\/index.php\/wp-json\/wp\/v2\/media?parent=1810"}],"curies":[{"name":"wp","href":"https:\/\/api.w.org\/{rel}","templated":true}]}}