{"id":252,"date":"2021-08-18T05:35:45","date_gmt":"2021-08-18T05:35:45","guid":{"rendered":"https:\/\/rbsurfec.com\/index.php\/about\/"},"modified":"2023-04-02T15:24:01","modified_gmt":"2023-04-02T15:24:01","slug":"nosotros","status":"publish","type":"page","link":"https:\/\/rbsurfec.com\/index.php\/nosotros\/","title":{"rendered":"Nosotros"},"content":{"rendered":"\t\t<div data-elementor-type=\"wp-page\" data-elementor-id=\"252\" class=\"elementor elementor-252\" data-elementor-post-type=\"page\">\n\t\t\t\t\t\t<section class=\"elementor-section elementor-top-section elementor-element elementor-element-95eebdf elementor-section-boxed elementor-section-height-default elementor-section-height-default\" data-id=\"95eebdf\" data-element_type=\"section\" data-settings=\"{&quot;background_background&quot;:&quot;classic&quot;}\">\n\t\t\t\t\t\t<div class=\"elementor-container elementor-column-gap-no\">\n\t\t\t\t\t<div class=\"elementor-column elementor-col-100 elementor-top-column elementor-element elementor-element-3700ce5\" data-id=\"3700ce5\" data-element_type=\"column\">\n\t\t\t<div class=\"elementor-widget-wrap elementor-element-populated\">\n\t\t\t\t\t\t<section class=\"elementor-section elementor-inner-section elementor-element elementor-element-ebc51e3 elementor-section-height-min-height elementor-section-boxed elementor-section-height-default\" data-id=\"ebc51e3\" data-element_type=\"section\">\n\t\t\t\t\t\t<div class=\"elementor-container elementor-column-gap-no\">\n\t\t\t\t\t<div class=\"elementor-column elementor-col-33 elementor-inner-column elementor-element elementor-element-caa43ea\" data-id=\"caa43ea\" data-element_type=\"column\">\n\t\t\t<div class=\"elementor-widget-wrap elementor-element-populated\">\n\t\t\t\t\t\t<div class=\"elementor-element elementor-element-4e4a19d elementor-widget elementor-widget-heading\" data-id=\"4e4a19d\" data-element_type=\"widget\" data-widget_type=\"heading.default\">\n\t\t\t\t<div class=\"elementor-widget-container\">\n\t\t\t\t\t<h2 class=\"elementor-heading-title elementor-size-default\">Sobre Nosotros<\/h2>\t\t\t\t<\/div>\n\t\t\t\t<\/div>\n\t\t\t\t\t<\/div>\n\t\t<\/div>\n\t\t\t\t<div class=\"elementor-column elementor-col-66 elementor-inner-column elementor-element elementor-element-fc22abd\" data-id=\"fc22abd\" data-element_type=\"column\">\n\t\t\t<div class=\"elementor-widget-wrap elementor-element-populated\">\n\t\t\t\t\t\t<div class=\"elementor-element elementor-element-c80e5db elementor-widget-divider--separator-type-pattern elementor-widget-divider--view-line elementor-widget elementor-widget-divider\" data-id=\"c80e5db\" data-element_type=\"widget\" data-widget_type=\"divider.default\">\n\t\t\t\t<div class=\"elementor-widget-container\">\n\t\t\t\t\t\t\t<div class=\"elementor-divider\" style=\"--divider-pattern-url: url(&quot;data:image\/svg+xml,%3Csvg xmlns=&#039;http:\/\/www.w3.org\/2000\/svg&#039; preserveAspectRatio=&#039;none&#039; overflow=&#039;visible&#039; height=&#039;100%&#039; viewBox=&#039;0 0 24 24&#039; fill=&#039;none&#039; stroke=&#039;black&#039; stroke-width=&#039;1&#039; stroke-linecap=&#039;square&#039; stroke-miterlimit=&#039;10&#039;%3E%3Cpath d=&#039;M0,6c6,0,0.9,11.1,6.9,11.1S18,6,24,6&#039;\/%3E%3C\/svg%3E&quot;);\">\n\t\t\t<span class=\"elementor-divider-separator\">\n\t\t\t\t\t\t<\/span>\n\t\t<\/div>\n\t\t\t\t\t\t<\/div>\n\t\t\t\t<\/div>\n\t\t\t\t<div class=\"elementor-element elementor-element-da46fbf elementor-widget elementor-widget-heading\" data-id=\"da46fbf\" data-element_type=\"widget\" data-widget_type=\"heading.default\">\n\t\t\t\t<div class=\"elementor-widget-container\">\n\t\t\t\t\t<h3 class=\"elementor-heading-title elementor-size-default\">RBSurf EC<\/h3>\t\t\t\t<\/div>\n\t\t\t\t<\/div>\n\t\t\t\t<div class=\"elementor-element elementor-element-41fbad1 elementor-widget elementor-widget-text-editor\" data-id=\"41fbad1\" data-element_type=\"widget\" data-widget_type=\"text-editor.default\">\n\t\t\t\t<div class=\"elementor-widget-container\">\n\t\t\t\t\t\t\t\t\t<p>Hola!, somos una compa\u00f1\u00eda dedicada a los deportes n\u00e1uticos especialmente; surf, p\u00e1del surf, body Boards y surf Foild. Contamos con accesorios para todas las actividades y representamos varias marcas de renombre internacional:\u00a0<span style=\"font-style: inherit; font-weight: inherit; background-color: var( --e-global-color-astglobalcolor5 ); color: var(--ast-global-color-2);\">FCS, VISSLA , Fu Wax y PENA.\u00a0<\/span><span style=\"font-style: inherit; font-weight: inherit; background-color: var( --e-global-color-astglobalcolor5 ); color: var(--ast-global-color-2);\">Adem\u00e1s, preparamos a deportista para la pr\u00e1ctica de: s<\/span><span style=\"font-style: inherit; font-weight: inherit; background-color: var( --e-global-color-astglobalcolor5 ); color: var(--ast-global-color-2);\">urf, p\u00e1del surf, recreaci\u00f3n y alto rendimiento.<\/span><\/p><p>Contamos con un local en la playa Murci\u00e9lago donde exhibimos y d\u00edctamo charlas.\u00a0<span style=\"font-style: inherit; font-weight: inherit; background-color: var( --e-global-color-astglobalcolor5 ); color: var(--ast-global-color-2);\">Esta empresa nace en 1996, en la ciudad de manta.\u00a0<\/span><span style=\"font-style: inherit; font-weight: inherit; background-color: var( --e-global-color-astglobalcolor5 ); color: var(--ast-global-color-2);\">Ren\u00e9 burgos. Deportista y constructor de tablas desarrolla un pape muy importante dentro de la ciudad, provincia y pa\u00eds logrando llevar al deporte del surf a otros pa\u00edses bajo su marcas RB Surf Boards.<\/span><\/p>\t\t\t\t\t\t\t\t<\/div>\n\t\t\t\t<\/div>\n\t\t\t\t\t<\/div>\n\t\t<\/div>\n\t\t\t\t\t<\/div>\n\t\t<\/section>\n\t\t\t\t<div class=\"elementor-element elementor-element-d628bac gallery-spacing-custom elementor-widget elementor-widget-image-gallery\" data-id=\"d628bac\" data-element_type=\"widget\" data-widget_type=\"image-gallery.default\">\n\t\t\t\t<div class=\"elementor-widget-container\">\n\t\t\t\t\t\t\t<div class=\"elementor-image-gallery\">\n\t\t\t<div id='gallery-1' class='gallery galleryid-252 gallery-columns-2 gallery-size-full'><figure class='gallery-item'>\n\t\t\t<div class='gallery-icon portrait'>\n\t\t\t\t<a data-elementor-open-lightbox=\"yes\" data-elementor-lightbox-slideshow=\"d628bac\" data-elementor-lightbox-title=\"tablas_surf\" data-e-action-hash=\"#elementor-action%3Aaction%3Dlightbox%26settings%3DeyJpZCI6MzksInVybCI6Imh0dHBzOlwvXC9yYnN1cmZlYy5jb21cL3dwLWNvbnRlbnRcL3VwbG9hZHNcLzIwMjNcLzAzXC90YWJsYXNfc3VyZi5wbmciLCJzbGlkZXNob3ciOiJkNjI4YmFjIn0%3D\" href='https:\/\/rbsurfec.com\/wp-content\/uploads\/2023\/03\/tablas_surf.png'><img fetchpriority=\"high\" decoding=\"async\" width=\"614\" height=\"770\" src=\"https:\/\/rbsurfec.com\/wp-content\/uploads\/2023\/03\/tablas_surf.png\" class=\"attachment-full size-full\" alt=\"\" srcset=\"https:\/\/rbsurfec.com\/wp-content\/uploads\/2023\/03\/tablas_surf.png 614w, https:\/\/rbsurfec.com\/wp-content\/uploads\/2023\/03\/tablas_surf-600x752.png 600w, https:\/\/rbsurfec.com\/wp-content\/uploads\/2023\/03\/tablas_surf-239x300.png 239w, https:\/\/rbsurfec.com\/wp-content\/uploads\/2023\/03\/tablas_surf-48x60.png 48w\" sizes=\"(max-width: 614px) 100vw, 614px\" \/><\/a>\n\t\t\t<\/div><\/figure><figure class='gallery-item'>\n\t\t\t<div class='gallery-icon portrait'>\n\t\t\t\t<a data-elementor-open-lightbox=\"yes\" data-elementor-lightbox-slideshow=\"d628bac\" data-elementor-lightbox-title=\"man-3960620_1920\" data-e-action-hash=\"#elementor-action%3Aaction%3Dlightbox%26settings%3DeyJpZCI6MTM3MSwidXJsIjoiaHR0cHM6XC9cL3Jic3VyZmVjLmNvbVwvd3AtY29udGVudFwvdXBsb2Fkc1wvMjAyM1wvMDNcL21hbi0zOTYwNjIwXzE5MjAuanBnIiwic2xpZGVzaG93IjoiZDYyOGJhYyJ9\" href='https:\/\/rbsurfec.com\/wp-content\/uploads\/2023\/03\/man-3960620_1920.jpg'><img decoding=\"async\" width=\"1280\" height=\"1920\" src=\"https:\/\/rbsurfec.com\/wp-content\/uploads\/2023\/03\/man-3960620_1920.jpg\" class=\"attachment-full size-full\" alt=\"\" srcset=\"https:\/\/rbsurfec.com\/wp-content\/uploads\/2023\/03\/man-3960620_1920.jpg 1280w, https:\/\/rbsurfec.com\/wp-content\/uploads\/2023\/03\/man-3960620_1920-200x300.jpg 200w, https:\/\/rbsurfec.com\/wp-content\/uploads\/2023\/03\/man-3960620_1920-683x1024.jpg 683w, https:\/\/rbsurfec.com\/wp-content\/uploads\/2023\/03\/man-3960620_1920-768x1152.jpg 768w, https:\/\/rbsurfec.com\/wp-content\/uploads\/2023\/03\/man-3960620_1920-1024x1536.jpg 1024w, https:\/\/rbsurfec.com\/wp-content\/uploads\/2023\/03\/man-3960620_1920-600x900.jpg 600w\" sizes=\"(max-width: 1280px) 100vw, 1280px\" \/><\/a>\n\t\t\t<\/div><\/figure><figure class='gallery-item'>\n\t\t\t<div class='gallery-icon landscape'>\n\t\t\t\t<a data-elementor-open-lightbox=\"yes\" data-elementor-lightbox-slideshow=\"d628bac\" data-elementor-lightbox-title=\"BANNER\" data-e-action-hash=\"#elementor-action%3Aaction%3Dlightbox%26settings%3DeyJpZCI6MTM2NCwidXJsIjoiaHR0cHM6XC9cL3Jic3VyZmVjLmNvbVwvd3AtY29udGVudFwvdXBsb2Fkc1wvMjAyM1wvMDNcL0JBTk5FUi5qcGciLCJzbGlkZXNob3ciOiJkNjI4YmFjIn0%3D\" href='https:\/\/rbsurfec.com\/wp-content\/uploads\/2023\/03\/BANNER.jpg'><img decoding=\"async\" width=\"770\" height=\"437\" src=\"https:\/\/rbsurfec.com\/wp-content\/uploads\/2023\/03\/BANNER.jpg\" class=\"attachment-full size-full\" alt=\"\" srcset=\"https:\/\/rbsurfec.com\/wp-content\/uploads\/2023\/03\/BANNER.jpg 770w, https:\/\/rbsurfec.com\/wp-content\/uploads\/2023\/03\/BANNER-300x170.jpg 300w, https:\/\/rbsurfec.com\/wp-content\/uploads\/2023\/03\/BANNER-768x436.jpg 768w, https:\/\/rbsurfec.com\/wp-content\/uploads\/2023\/03\/BANNER-600x341.jpg 600w\" sizes=\"(max-width: 770px) 100vw, 770px\" \/><\/a>\n\t\t\t<\/div><\/figure><figure class='gallery-item'>\n\t\t\t<div class='gallery-icon landscape'>\n\t\t\t\t<a data-elementor-open-lightbox=\"yes\" data-elementor-lightbox-slideshow=\"d628bac\" data-elementor-lightbox-title=\"surfing-926822_1920\" data-e-action-hash=\"#elementor-action%3Aaction%3Dlightbox%26settings%3DeyJpZCI6MTM3MywidXJsIjoiaHR0cHM6XC9cL3Jic3VyZmVjLmNvbVwvd3AtY29udGVudFwvdXBsb2Fkc1wvMjAyM1wvMDNcL3N1cmZpbmctOTI2ODIyXzE5MjAuanBnIiwic2xpZGVzaG93IjoiZDYyOGJhYyJ9\" href='https:\/\/rbsurfec.com\/wp-content\/uploads\/2023\/03\/surfing-926822_1920.jpg'><img loading=\"lazy\" decoding=\"async\" width=\"1920\" height=\"1080\" src=\"https:\/\/rbsurfec.com\/wp-content\/uploads\/2023\/03\/surfing-926822_1920.jpg\" class=\"attachment-full size-full\" alt=\"\" srcset=\"https:\/\/rbsurfec.com\/wp-content\/uploads\/2023\/03\/surfing-926822_1920.jpg 1920w, https:\/\/rbsurfec.com\/wp-content\/uploads\/2023\/03\/surfing-926822_1920-300x169.jpg 300w, https:\/\/rbsurfec.com\/wp-content\/uploads\/2023\/03\/surfing-926822_1920-1024x576.jpg 1024w, https:\/\/rbsurfec.com\/wp-content\/uploads\/2023\/03\/surfing-926822_1920-768x432.jpg 768w, https:\/\/rbsurfec.com\/wp-content\/uploads\/2023\/03\/surfing-926822_1920-1536x864.jpg 1536w, https:\/\/rbsurfec.com\/wp-content\/uploads\/2023\/03\/surfing-926822_1920-1320x743.jpg 1320w, https:\/\/rbsurfec.com\/wp-content\/uploads\/2023\/03\/surfing-926822_1920-600x338.jpg 600w\" sizes=\"(max-width: 1920px) 100vw, 1920px\" \/><\/a>\n\t\t\t<\/div><\/figure><figure class='gallery-item'>\n\t\t\t<div class='gallery-icon landscape'>\n\t\t\t\t<a data-elementor-open-lightbox=\"yes\" data-elementor-lightbox-slideshow=\"d628bac\" data-elementor-lightbox-title=\"blue-4145659\" data-e-action-hash=\"#elementor-action%3Aaction%3Dlightbox%26settings%3DeyJpZCI6MTM3NywidXJsIjoiaHR0cHM6XC9cL3Jic3VyZmVjLmNvbVwvd3AtY29udGVudFwvdXBsb2Fkc1wvMjAyM1wvMDNcL2JsdWUtNDE0NTY1OS1zY2FsZWQuanBnIiwic2xpZGVzaG93IjoiZDYyOGJhYyJ9\" href='https:\/\/rbsurfec.com\/wp-content\/uploads\/2023\/03\/blue-4145659-scaled.jpg'><img loading=\"lazy\" decoding=\"async\" width=\"2560\" height=\"1440\" src=\"https:\/\/rbsurfec.com\/wp-content\/uploads\/2023\/03\/blue-4145659-scaled.jpg\" class=\"attachment-full size-full\" alt=\"\" srcset=\"https:\/\/rbsurfec.com\/wp-content\/uploads\/2023\/03\/blue-4145659-scaled.jpg 2560w, https:\/\/rbsurfec.com\/wp-content\/uploads\/2023\/03\/blue-4145659-300x169.jpg 300w, https:\/\/rbsurfec.com\/wp-content\/uploads\/2023\/03\/blue-4145659-1024x576.jpg 1024w, https:\/\/rbsurfec.com\/wp-content\/uploads\/2023\/03\/blue-4145659-768x432.jpg 768w, https:\/\/rbsurfec.com\/wp-content\/uploads\/2023\/03\/blue-4145659-1536x864.jpg 1536w, https:\/\/rbsurfec.com\/wp-content\/uploads\/2023\/03\/blue-4145659-2048x1152.jpg 2048w, https:\/\/rbsurfec.com\/wp-content\/uploads\/2023\/03\/blue-4145659-1320x742.jpg 1320w, https:\/\/rbsurfec.com\/wp-content\/uploads\/2023\/03\/blue-4145659-600x337.jpg 600w\" sizes=\"(max-width: 2560px) 100vw, 2560px\" \/><\/a>\n\t\t\t<\/div><\/figure>\n\t\t<\/div>\n\t\t<\/div>\n\t\t\t\t\t\t<\/div>\n\t\t\t\t<\/div>\n\t\t\t\t\t<\/div>\n\t\t<\/div>\n\t\t\t\t\t<\/div>\n\t\t<\/section>\n\t\t\t\t<\/div>\n\t\t","protected":false},"excerpt":{"rendered":"<p>Sobre Nosotros RBSurf EC Hola!, somos una compa\u00f1\u00eda dedicada a los deportes n\u00e1uticos especialmente; surf, p\u00e1del surf, body Boards y surf Foild. Contamos con accesorios para todas las actividades y representamos varias marcas de renombre internacional:\u00a0FCS, VISSLA , Fu Wax y PENA.\u00a0Adem\u00e1s, preparamos a deportista para la pr\u00e1ctica de: surf, p\u00e1del surf, recreaci\u00f3n y alto [&hellip;]<\/p>\n","protected":false},"author":1,"featured_media":0,"parent":0,"menu_order":0,"comment_status":"closed","ping_status":"closed","template":"","meta":{"_uag_custom_page_level_css":"","site-sidebar-layout":"no-sidebar","site-content-layout":"page-builder","ast-site-content-layout":"default","site-content-style":"default","site-sidebar-style":"default","ast-global-header-display":"","ast-banner-title-visibility":"","ast-main-header-display":"","ast-hfb-above-header-display":"","ast-hfb-below-header-display":"","ast-hfb-mobile-header-display":"","site-post-title":"disabled","ast-breadcrumbs-content":"disabled","ast-featured-img":"disabled","footer-sml-layout":"","theme-transparent-header-meta":"default","adv-header-id-meta":"","stick-header-meta":"","header-above-stick-meta":"","header-main-stick-meta":"","header-below-stick-meta":"","astra-migrate-meta-layouts":"default","ast-page-background-enabled":"default","ast-page-background-meta":{"desktop":{"background-color":"var(--ast-global-color-4)","background-image":"","background-repeat":"repeat","background-position":"center center","background-size":"auto","background-attachment":"scroll","background-type":"","background-media":"","overlay-type":"","overlay-color":"","overlay-opacity":"","overlay-gradient":""},"tablet":{"background-color":"","background-image":"","background-repeat":"repeat","background-position":"center center","background-size":"auto","background-attachment":"scroll","background-type":"","background-media":"","overlay-type":"","overlay-color":"","overlay-opacity":"","overlay-gradient":""},"mobile":{"background-color":"","background-image":"","background-repeat":"repeat","background-position":"center center","background-size":"auto","background-attachment":"scroll","background-type":"","background-media":"","overlay-type":"","overlay-color":"","overlay-opacity":"","overlay-gradient":""}},"ast-content-background-meta":{"desktop":{"background-color":"var(--ast-global-color-5)","background-image":"","background-repeat":"repeat","background-position":"center center","background-size":"auto","background-attachment":"scroll","background-type":"","background-media":"","overlay-type":"","overlay-color":"","overlay-opacity":"","overlay-gradient":""},"tablet":{"background-color":"var(--ast-global-color-5)","background-image":"","background-repeat":"repeat","background-position":"center center","background-size":"auto","background-attachment":"scroll","background-type":"","background-media":"","overlay-type":"","overlay-color":"","overlay-opacity":"","overlay-gradient":""},"mobile":{"background-color":"var(--ast-global-color-5)","background-image":"","background-repeat":"repeat","background-position":"center center","background-size":"auto","background-attachment":"scroll","background-type":"","background-media":"","overlay-type":"","overlay-color":"","overlay-opacity":"","overlay-gradient":""}},"advanced_seo_description":"","jetpack_seo_html_title":"","jetpack_seo_noindex":false,"footnotes":""},"class_list":["post-252","page","type-page","status-publish","hentry"],"uagb_featured_image_src":{"full":false,"thumbnail":false,"medium":false,"medium_large":false,"large":false,"1536x1536":false,"2048x2048":false,"mailpoet_newsletter_max":false,"woocommerce_thumbnail":false,"woocommerce_single":false,"woocommerce_gallery_thumbnail":false},"uagb_author_info":{"display_name":"reneburgos","author_link":"https:\/\/rbsurfec.com\/index.php\/author\/reneburgos\/"},"uagb_comment_info":0,"uagb_excerpt":"Sobre Nosotros RBSurf EC Hola!, somos una compa\u00f1\u00eda dedicada a los deportes n\u00e1uticos especialmente; surf, p\u00e1del surf, body Boards y surf Foild. Contamos con accesorios para todas las actividades y representamos varias marcas de renombre internacional:\u00a0FCS, VISSLA , Fu Wax y PENA.\u00a0Adem\u00e1s, preparamos a deportista para la pr\u00e1ctica de: surf, p\u00e1del surf, recreaci\u00f3n y alto&hellip;","jetpack_likes_enabled":true,"jetpack_sharing_enabled":true,"jetpack-related-posts":[{"id":357,"url":"https:\/\/rbsurfec.com\/index.php\/contacto\/","url_meta":{"origin":252,"position":0},"title":"Contacto","author":"reneburgos","date":"18 de agosto de 2021","format":false,"excerpt":"\u00a1Cont\u00e1ctanos! Comun\u00edcate con nosotros en caso de tener alguna novedad. Con gusto te atenderemos.RBSurf EC. Vis\u00edtanos Manta, Playa Murci\u00e9lago Celular +593 985006880 Email info@rbsurfec.com S\u00edguenos Instagram Facebook \u00bfC\u00f3mo Contactarnos?","rel":"","context":"Entrada similar","block_context":{"text":"Entrada similar","link":""},"img":{"alt_text":"","src":"","width":0,"height":0},"classes":[]}],"jetpack_shortlink":"https:\/\/wp.me\/PeHJ9l-44","_links":{"self":[{"href":"https:\/\/rbsurfec.com\/index.php\/wp-json\/wp\/v2\/pages\/252","targetHints":{"allow":["GET"]}}],"collection":[{"href":"https:\/\/rbsurfec.com\/index.php\/wp-json\/wp\/v2\/pages"}],"about":[{"href":"https:\/\/rbsurfec.com\/index.php\/wp-json\/wp\/v2\/types\/page"}],"author":[{"embeddable":true,"href":"https:\/\/rbsurfec.com\/index.php\/wp-json\/wp\/v2\/users\/1"}],"replies":[{"embeddable":true,"href":"https:\/\/rbsurfec.com\/index.php\/wp-json\/wp\/v2\/comments?post=252"}],"version-history":[{"count":11,"href":"https:\/\/rbsurfec.com\/index.php\/wp-json\/wp\/v2\/pages\/252\/revisions"}],"predecessor-version":[{"id":1606,"href":"https:\/\/rbsurfec.com\/index.php\/wp-json\/wp\/v2\/pages\/252\/revisions\/1606"}],"wp:attachment":[{"href":"https:\/\/rbsurfec.com\/index.php\/wp-json\/wp\/v2\/media?parent=252"}],"curies":[{"name":"wp","href":"https:\/\/api.w.org\/{rel}","templated":true}]}}